{"id":101,"date":"2020-03-02T12:10:49","date_gmt":"2020-03-02T12:10:49","guid":{"rendered":"https:\/\/demosites.io\/creative-portofolio-gb\/?page_id=101"},"modified":"2021-10-07T18:09:20","modified_gmt":"2021-10-07T18:09:20","slug":"inicio","status":"publish","type":"page","link":"http:\/\/uno61arte.com.mx\/","title":{"rendered":""},"content":{"rendered":"\n<div class=\"wp-block-cover alignfull has-background-dim-80 has-background-dim\" style=\"background-color:#000000;min-height:100vh\"><video class=\"wp-block-cover__video-background intrinsic-ignore\" autoplay muted loop playsinline src=\"http:\/\/uno61arte.com.mx\/wp-content\/uploads\/2021\/09\/intro.mp4\" data-object-fit=\"cover\"><\/video><div class=\"wp-block-cover__inner-container\">\n<h2 class=\"alignwide has-white-color has-text-color\" style=\"font-size:48px;line-height:1.2\"><strong><em>  Plataforma de vinculaci\u00f3n art\u00edstica, para dar a conocer lo mejor del arte en M\u00e9xico  <\/em><\/strong><\/h2>\n\n\n\n<div class=\"wp-block-columns alignwide\">\n<div class=\"wp-block-column\" style=\"flex-basis:60%\">\n<p class=\"has-text-color\" style=\"color:#ffffff\"><\/p>\n\n\n\n<div class=\"wp-block-buttons\"><\/div>\n<\/div>\n\n\n\n<div class=\"wp-block-column\"><\/div>\n<\/div>\n<\/div><\/div>\n\n\n\n<h1><\/h1>\n\n\n\n<div class=\"wp-block-jetpack-tiled-gallery alignfull is-style-columns\"><div class=\"tiled-gallery__gallery\"><div class=\"tiled-gallery__row\"><div class=\"tiled-gallery__col\" style=\"flex-basis:25.54772%\"><figure class=\"tiled-gallery__item\"><img srcset=\"https:\/\/i1.wp.com\/uno61arte.com.mx\/wp-content\/uploads\/2021\/09\/IMG_1048-1024x768.jpg?strip=info&#038;w=600 600w,https:\/\/i1.wp.com\/uno61arte.com.mx\/wp-content\/uploads\/2021\/09\/IMG_1048-1024x768.jpg?strip=info&#038;w=900 900w,https:\/\/i1.wp.com\/uno61arte.com.mx\/wp-content\/uploads\/2021\/09\/IMG_1048-1024x768.jpg?strip=info&#038;w=1200 1200w,https:\/\/i1.wp.com\/uno61arte.com.mx\/wp-content\/uploads\/2021\/09\/IMG_1048-1024x768.jpg?strip=info&#038;w=1500 1500w,https:\/\/i1.wp.com\/uno61arte.com.mx\/wp-content\/uploads\/2021\/09\/IMG_1048-1024x768.jpg?strip=info&#038;w=1800 1800w,https:\/\/i1.wp.com\/uno61arte.com.mx\/wp-content\/uploads\/2021\/09\/IMG_1048-1024x768.jpg?strip=info&#038;w=2000 2000w\" alt=\"\" data-height=\"1920\" data-id=\"705\" data-link=\"http:\/\/uno61arte.com.mx\/index.php\/d41d8-home\/img_1048\/\" data-url=\"http:\/\/uno61arte.com.mx\/wp-content\/uploads\/2021\/09\/IMG_1048-1024x768.jpg\" data-width=\"2560\" src=\"https:\/\/i1.wp.com\/uno61arte.com.mx\/wp-content\/uploads\/2021\/09\/IMG_1048-1024x768.jpg\" data-amp-layout=\"responsive\"\/><\/figure><figure class=\"tiled-gallery__item\"><img srcset=\"https:\/\/i0.wp.com\/uno61arte.com.mx\/wp-content\/uploads\/2021\/09\/Entanglement.jpg?strip=info&#038;w=600 600w,https:\/\/i0.wp.com\/uno61arte.com.mx\/wp-content\/uploads\/2021\/09\/Entanglement.jpg?strip=info&#038;w=612 612w\" alt=\"\" data-height=\"408\" data-id=\"659\" data-link=\"http:\/\/uno61arte.com.mx\/index.php\/d41d8-contact\/entanglement\/\" data-url=\"http:\/\/uno61arte.com.mx\/wp-content\/uploads\/2021\/09\/Entanglement.jpg\" data-width=\"612\" src=\"https:\/\/i0.wp.com\/uno61arte.com.mx\/wp-content\/uploads\/2021\/09\/Entanglement.jpg\" data-amp-layout=\"responsive\"\/><\/figure><figure class=\"tiled-gallery__item\"><img srcset=\"https:\/\/i1.wp.com\/uno61arte.com.mx\/wp-content\/uploads\/2021\/09\/tzompantli2_01.jpg?strip=info&#038;w=600 600w,https:\/\/i1.wp.com\/uno61arte.com.mx\/wp-content\/uploads\/2021\/09\/tzompantli2_01.jpg?strip=info&#038;w=698 698w\" alt=\"\" data-height=\"701\" data-id=\"638\" data-link=\"http:\/\/uno61arte.com.mx\/index.php\/artistas\/tzompantli2_01\/\" data-url=\"http:\/\/uno61arte.com.mx\/wp-content\/uploads\/2021\/09\/tzompantli2_01.jpg\" data-width=\"698\" src=\"https:\/\/i1.wp.com\/uno61arte.com.mx\/wp-content\/uploads\/2021\/09\/tzompantli2_01.jpg\" data-amp-layout=\"responsive\"\/><\/figure><\/div><div class=\"tiled-gallery__col\" style=\"flex-basis:21.09900%\"><figure class=\"tiled-gallery__item\"><img srcset=\"https:\/\/i2.wp.com\/uno61arte.com.mx\/wp-content\/uploads\/2021\/09\/IMG_9464-1022x1024.jpg?strip=info&#038;w=600 600w,https:\/\/i2.wp.com\/uno61arte.com.mx\/wp-content\/uploads\/2021\/09\/IMG_9464-1022x1024.jpg?strip=info&#038;w=900 900w,https:\/\/i2.wp.com\/uno61arte.com.mx\/wp-content\/uploads\/2021\/09\/IMG_9464-1022x1024.jpg?strip=info&#038;w=1200 1200w,https:\/\/i2.wp.com\/uno61arte.com.mx\/wp-content\/uploads\/2021\/09\/IMG_9464-1022x1024.jpg?strip=info&#038;w=1500 1500w,https:\/\/i2.wp.com\/uno61arte.com.mx\/wp-content\/uploads\/2021\/09\/IMG_9464-1022x1024.jpg?strip=info&#038;w=1800 1800w,https:\/\/i2.wp.com\/uno61arte.com.mx\/wp-content\/uploads\/2021\/09\/IMG_9464-1022x1024.jpg?strip=info&#038;w=2000 2000w\" alt=\"\" data-height=\"2022\" data-id=\"637\" data-link=\"http:\/\/uno61arte.com.mx\/index.php\/artistas\/img_9464\/\" data-url=\"http:\/\/uno61arte.com.mx\/wp-content\/uploads\/2021\/09\/IMG_9464-1022x1024.jpg\" data-width=\"2019\" src=\"https:\/\/i2.wp.com\/uno61arte.com.mx\/wp-content\/uploads\/2021\/09\/IMG_9464-1022x1024.jpg\" data-amp-layout=\"responsive\"\/><\/figure><figure class=\"tiled-gallery__item\"><img srcset=\"https:\/\/i0.wp.com\/uno61arte.com.mx\/wp-content\/uploads\/2021\/09\/PHOTO-2020-03-03-18-08-01-1024x939.jpg?strip=info&#038;w=600 600w,https:\/\/i0.wp.com\/uno61arte.com.mx\/wp-content\/uploads\/2021\/09\/PHOTO-2020-03-03-18-08-01-1024x939.jpg?strip=info&#038;w=900 900w,https:\/\/i0.wp.com\/uno61arte.com.mx\/wp-content\/uploads\/2021\/09\/PHOTO-2020-03-03-18-08-01-1024x939.jpg?strip=info&#038;w=1200 1200w,https:\/\/i0.wp.com\/uno61arte.com.mx\/wp-content\/uploads\/2021\/09\/PHOTO-2020-03-03-18-08-01-1024x939.jpg?strip=info&#038;w=1280 1280w\" alt=\"\" data-height=\"1174\" data-id=\"643\" data-link=\"http:\/\/uno61arte.com.mx\/index.php\/artistas\/photo-2020-03-03-18-08-01\/\" data-url=\"http:\/\/uno61arte.com.mx\/wp-content\/uploads\/2021\/09\/PHOTO-2020-03-03-18-08-01-1024x939.jpg\" data-width=\"1280\" src=\"https:\/\/i0.wp.com\/uno61arte.com.mx\/wp-content\/uploads\/2021\/09\/PHOTO-2020-03-03-18-08-01-1024x939.jpg\" data-amp-layout=\"responsive\"\/><\/figure><figure class=\"tiled-gallery__item\"><img srcset=\"https:\/\/i0.wp.com\/uno61arte.com.mx\/wp-content\/uploads\/2021\/09\/Ying-Yang.png?strip=info&#038;w=600 600w,https:\/\/i0.wp.com\/uno61arte.com.mx\/wp-content\/uploads\/2021\/09\/Ying-Yang.png?strip=info&#038;w=612 612w\" alt=\"\" data-height=\"624\" data-id=\"633\" data-link=\"http:\/\/uno61arte.com.mx\/index.php\/artistas\/ying-yang\/\" data-url=\"http:\/\/uno61arte.com.mx\/wp-content\/uploads\/2021\/09\/Ying-Yang.png\" data-width=\"612\" src=\"https:\/\/i0.wp.com\/uno61arte.com.mx\/wp-content\/uploads\/2021\/09\/Ying-Yang.png\" data-amp-layout=\"responsive\"\/><\/figure><\/div><div class=\"tiled-gallery__col\" style=\"flex-basis:17.91183%\"><figure class=\"tiled-gallery__item\"><img srcset=\"https:\/\/i2.wp.com\/uno61arte.com.mx\/wp-content\/uploads\/2021\/09\/Los-pandas-que-solo-comen-Bambu004-1024x663.jpg?strip=info&#038;w=600 600w,https:\/\/i2.wp.com\/uno61arte.com.mx\/wp-content\/uploads\/2021\/09\/Los-pandas-que-solo-comen-Bambu004-1024x663.jpg?strip=info&#038;w=817 817w\" alt=\"\" data-height=\"792\" data-id=\"631\" data-link=\"http:\/\/uno61arte.com.mx\/index.php\/artistas\/los-pandas-que-solo-comen-bambu004\/\" data-url=\"http:\/\/uno61arte.com.mx\/wp-content\/uploads\/2021\/09\/Los-pandas-que-solo-comen-Bambu004-1024x663.jpg\" data-width=\"817\" src=\"https:\/\/i2.wp.com\/uno61arte.com.mx\/wp-content\/uploads\/2021\/09\/Los-pandas-que-solo-comen-Bambu004-1024x663.jpg\" data-amp-layout=\"responsive\"\/><\/figure><figure class=\"tiled-gallery__item\"><img srcset=\"https:\/\/i2.wp.com\/uno61arte.com.mx\/wp-content\/uploads\/2021\/09\/WhatsApp-Image-2021-09-01-at-09.23.43-3-706x1024.jpeg?strip=info&#038;w=600 600w,https:\/\/i2.wp.com\/uno61arte.com.mx\/wp-content\/uploads\/2021\/09\/WhatsApp-Image-2021-09-01-at-09.23.43-3-706x1024.jpeg?strip=info&#038;w=752 752w\" alt=\"\" data-height=\"752\" data-id=\"635\" data-link=\"http:\/\/uno61arte.com.mx\/index.php\/artistas\/whatsapp-image-2021-09-01-at-09-23-43-3\/\" data-url=\"http:\/\/uno61arte.com.mx\/wp-content\/uploads\/2021\/09\/WhatsApp-Image-2021-09-01-at-09.23.43-3-706x1024.jpeg\" data-width=\"752\" src=\"https:\/\/i2.wp.com\/uno61arte.com.mx\/wp-content\/uploads\/2021\/09\/WhatsApp-Image-2021-09-01-at-09.23.43-3-706x1024.jpeg\" data-amp-layout=\"responsive\"\/><\/figure><figure class=\"tiled-gallery__item\"><img srcset=\"https:\/\/i2.wp.com\/uno61arte.com.mx\/wp-content\/uploads\/2021\/09\/Martina.jpg?strip=info&#038;w=528 528w\" alt=\"\" data-height=\"792\" data-id=\"634\" data-link=\"http:\/\/uno61arte.com.mx\/index.php\/artistas\/martina\/\" data-url=\"http:\/\/uno61arte.com.mx\/wp-content\/uploads\/2021\/09\/Martina.jpg\" data-width=\"528\" src=\"https:\/\/i2.wp.com\/uno61arte.com.mx\/wp-content\/uploads\/2021\/09\/Martina.jpg\" data-amp-layout=\"responsive\"\/><\/figure><\/div><div class=\"tiled-gallery__col\" style=\"flex-basis:18.38127%\"><figure class=\"tiled-gallery__item\"><img srcset=\"https:\/\/i2.wp.com\/uno61arte.com.mx\/wp-content\/uploads\/2021\/09\/IMG-9205-1-1024x815.jpg?strip=info&#038;w=600 600w,https:\/\/i2.wp.com\/uno61arte.com.mx\/wp-content\/uploads\/2021\/09\/IMG-9205-1-1024x815.jpg?strip=info&#038;w=900 900w,https:\/\/i2.wp.com\/uno61arte.com.mx\/wp-content\/uploads\/2021\/09\/IMG-9205-1-1024x815.jpg?strip=info&#038;w=1200 1200w,https:\/\/i2.wp.com\/uno61arte.com.mx\/wp-content\/uploads\/2021\/09\/IMG-9205-1-1024x815.jpg?strip=info&#038;w=1500 1500w,https:\/\/i2.wp.com\/uno61arte.com.mx\/wp-content\/uploads\/2021\/09\/IMG-9205-1-1024x815.jpg?strip=info&#038;w=1800 1800w,https:\/\/i2.wp.com\/uno61arte.com.mx\/wp-content\/uploads\/2021\/09\/IMG-9205-1-1024x815.jpg?strip=info&#038;w=2000 2000w\" alt=\"\" data-height=\"2038\" data-id=\"644\" data-link=\"http:\/\/uno61arte.com.mx\/index.php\/artistas\/img-9205-1\/\" data-url=\"http:\/\/uno61arte.com.mx\/wp-content\/uploads\/2021\/09\/IMG-9205-1-1024x815.jpg\" data-width=\"2560\" src=\"https:\/\/i2.wp.com\/uno61arte.com.mx\/wp-content\/uploads\/2021\/09\/IMG-9205-1-1024x815.jpg\" data-amp-layout=\"responsive\"\/><\/figure><figure class=\"tiled-gallery__item\"><img srcset=\"https:\/\/i0.wp.com\/uno61arte.com.mx\/wp-content\/uploads\/2021\/09\/IMG-9210-768x1024.jpg?strip=info&#038;w=600 600w,https:\/\/i0.wp.com\/uno61arte.com.mx\/wp-content\/uploads\/2021\/09\/IMG-9210-768x1024.jpg?strip=info&#038;w=900 900w,https:\/\/i0.wp.com\/uno61arte.com.mx\/wp-content\/uploads\/2021\/09\/IMG-9210-768x1024.jpg?strip=info&#038;w=1200 1200w,https:\/\/i0.wp.com\/uno61arte.com.mx\/wp-content\/uploads\/2021\/09\/IMG-9210-768x1024.jpg?strip=info&#038;w=1500 1500w,https:\/\/i0.wp.com\/uno61arte.com.mx\/wp-content\/uploads\/2021\/09\/IMG-9210-768x1024.jpg?strip=info&#038;w=1800 1800w,https:\/\/i0.wp.com\/uno61arte.com.mx\/wp-content\/uploads\/2021\/09\/IMG-9210-768x1024.jpg?strip=info&#038;w=1920 1920w\" alt=\"\" data-height=\"2560\" data-id=\"645\" data-link=\"http:\/\/uno61arte.com.mx\/index.php\/artistas\/img-9210\/\" data-url=\"http:\/\/uno61arte.com.mx\/wp-content\/uploads\/2021\/09\/IMG-9210-768x1024.jpg\" data-width=\"1920\" src=\"https:\/\/i0.wp.com\/uno61arte.com.mx\/wp-content\/uploads\/2021\/09\/IMG-9210-768x1024.jpg\" data-amp-layout=\"responsive\"\/><\/figure><figure class=\"tiled-gallery__item\"><img srcset=\"https:\/\/i1.wp.com\/uno61arte.com.mx\/wp-content\/uploads\/2021\/09\/174119313_170571454929126_8546082751436461082_n-819x1024.jpg?strip=info&#038;w=600 600w,https:\/\/i1.wp.com\/uno61arte.com.mx\/wp-content\/uploads\/2021\/09\/174119313_170571454929126_8546082751436461082_n-819x1024.jpg?strip=info&#038;w=900 900w,https:\/\/i1.wp.com\/uno61arte.com.mx\/wp-content\/uploads\/2021\/09\/174119313_170571454929126_8546082751436461082_n-819x1024.jpg?strip=info&#038;w=1080 1080w\" alt=\"\" data-height=\"1350\" data-id=\"646\" data-link=\"http:\/\/uno61arte.com.mx\/index.php\/artistas\/174119313_170571454929126_8546082751436461082_n\/\" data-url=\"http:\/\/uno61arte.com.mx\/wp-content\/uploads\/2021\/09\/174119313_170571454929126_8546082751436461082_n-819x1024.jpg\" data-width=\"1080\" src=\"https:\/\/i1.wp.com\/uno61arte.com.mx\/wp-content\/uploads\/2021\/09\/174119313_170571454929126_8546082751436461082_n-819x1024.jpg\" data-amp-layout=\"responsive\"\/><\/figure><\/div><div class=\"tiled-gallery__col\" style=\"flex-basis:17.06018%\"><figure class=\"tiled-gallery__item\"><img srcset=\"https:\/\/i1.wp.com\/uno61arte.com.mx\/wp-content\/uploads\/2021\/10\/003-2.jpg?strip=info&#038;w=600 600w,https:\/\/i1.wp.com\/uno61arte.com.mx\/wp-content\/uploads\/2021\/10\/003-2.jpg?strip=info&#038;w=706 706w\" alt=\"\" data-height=\"949\" data-id=\"814\" data-link=\"http:\/\/uno61arte.com.mx\/?attachment_id=814\" data-url=\"http:\/\/uno61arte.com.mx\/wp-content\/uploads\/2021\/10\/003-2.jpg\" data-width=\"706\" src=\"https:\/\/i1.wp.com\/uno61arte.com.mx\/wp-content\/uploads\/2021\/10\/003-2.jpg\" data-amp-layout=\"responsive\"\/><\/figure><figure class=\"tiled-gallery__item\"><img srcset=\"https:\/\/i1.wp.com\/uno61arte.com.mx\/wp-content\/uploads\/2021\/10\/Imagen5-684x1024.jpg?strip=info&#038;w=600 600w,https:\/\/i1.wp.com\/uno61arte.com.mx\/wp-content\/uploads\/2021\/10\/Imagen5-684x1024.jpg?strip=info&#038;w=817 817w\" alt=\"\" data-height=\"1223\" data-id=\"798\" data-link=\"http:\/\/uno61arte.com.mx\/index.php\/artistas\/escobarave\/imagen5\/\" data-url=\"http:\/\/uno61arte.com.mx\/wp-content\/uploads\/2021\/10\/Imagen5-684x1024.jpg\" data-width=\"817\" src=\"https:\/\/i1.wp.com\/uno61arte.com.mx\/wp-content\/uploads\/2021\/10\/Imagen5-684x1024.jpg\" data-amp-layout=\"responsive\"\/><\/figure><figure class=\"tiled-gallery__item\"><img srcset=\"https:\/\/i2.wp.com\/uno61arte.com.mx\/wp-content\/uploads\/2021\/10\/Image6.jpeg?strip=info&#038;w=600 600w,https:\/\/i2.wp.com\/uno61arte.com.mx\/wp-content\/uploads\/2021\/10\/Image6.jpeg?strip=info&#038;w=828 828w\" alt=\"\" data-height=\"666\" data-id=\"796\" data-link=\"http:\/\/uno61arte.com.mx\/index.php\/artistas\/escobarave\/image6\/\" data-url=\"http:\/\/uno61arte.com.mx\/wp-content\/uploads\/2021\/10\/Image6.jpeg\" data-width=\"828\" src=\"https:\/\/i2.wp.com\/uno61arte.com.mx\/wp-content\/uploads\/2021\/10\/Image6.jpeg\" data-amp-layout=\"responsive\"\/><\/figure><\/div><\/div><\/div><\/div>\n\n\n\n<div style=\"height:44px\" aria-hidden=\"true\" class=\"wp-block-spacer\"><\/div>\n\n\n<div class=\"youtube-social-btn-top\"><script src=\"https:\/\/apis.google.com\/js\/platform.js\"><\/script><div class=\"g-ytsubscribe\" data-channelid=\"UCl2-Ou6YjS8copM954t5M_g\" data-layout=\"full\" data-count=\"default\"><\/div><\/div><div class=\"et_smooth_scroll_disabled fts_smooth_scroll_disabled\"><div id=\"fts-yt-cdhxwhlldv\" class=\" fts-youtube-thumbs-gallery-master fts-master-youtube-wrap fts-yt-videogroup fts-yt-user- fts-yt-vids-in-row3\"><div id=\"fts-yt-videolist-cdhxwhlldv\" class=\"fts-yt-videolist\"><div class=\"fts-yt-large \"><div class=\"fts-yt-first-video\"><div class=\"fts-fluid-videoWrapper\"><iframe src=\"http:\/\/www.youtube.com\/embed\/hq-NS7eJtLg?wmode=transparent&HD=0&rel=0&showinfo=0&controls=1&autoplay=0\" frameborder=\"0\" allowfullscreen><\/iframe><\/div><\/div><\/div><div data-ftsi-columns=\"3\" data-ftsi-force-columns=\"no&quot; \" data-ftsi-margin=\"1px\" class=\"feed_dynamic_classcdhxwhlldv fts-youtube-popup-gallery fts-youtube-inline-block-centered \" style=\"background:#000!important\"\"><div class=\"slicker-youtube-placeholder-cdhxwhlldv slicker-youtube-placeholder fts-youtube-hq-NS7eJtLg\" data-id=\"fts-youtube-id-feed_dynamic_classcdhxwhlldv\" style=\"background-image:url(https:\/\/i.ytimg.com\/vi\/hq-NS7eJtLg\/hqdefault.jpg)\"><a href=\"javascript:;\" rel=\"http:\/\/www.youtube.com\/embed\/hq-NS7eJtLg?wmode=transparent&HD=0&rel=0&showinfo=0&controls=1&autoplay=1&wmode=opaque\"  class=\"fts-yt-open fts-youtube-iframe-click\"><\/a><\/div><div class=\"slicker-youtube-placeholder-cdhxwhlldv slicker-youtube-placeholder fts-youtube-Hizhal1tExo\" data-id=\"fts-youtube-id-feed_dynamic_classcdhxwhlldv\" style=\"background-image:url(https:\/\/i.ytimg.com\/vi\/Hizhal1tExo\/hqdefault.jpg)\"><a href=\"javascript:;\" rel=\"http:\/\/www.youtube.com\/embed\/Hizhal1tExo?wmode=transparent&HD=0&rel=0&showinfo=0&controls=1&autoplay=1&wmode=opaque\"  class=\"fts-yt-open fts-youtube-iframe-click\"><\/a><\/div><div class=\"slicker-youtube-placeholder-cdhxwhlldv slicker-youtube-placeholder fts-youtube-kTKMBtIKLPc\" data-id=\"fts-youtube-id-feed_dynamic_classcdhxwhlldv\" style=\"background-image:url(https:\/\/i.ytimg.com\/vi\/kTKMBtIKLPc\/hqdefault.jpg)\"><a href=\"javascript:;\" rel=\"http:\/\/www.youtube.com\/embed\/kTKMBtIKLPc?wmode=transparent&HD=0&rel=0&showinfo=0&controls=1&autoplay=1&wmode=opaque\"  class=\"fts-yt-open fts-youtube-iframe-click\"><\/a><\/div><script>  jQuery(\"#fts-yt-cdhxwhlldv\").unbind().on(\"click\", \".slicker-youtube-placeholder\", function(event) {\n                    event.stopPropagation();\n                    jQuery(\"#fts-yt-cdhxwhlldv .youtube-comments-thumbs\").animate({ scrollTop: 0 }, \"fast\");\n                    jQuery(\"#fts-yt-cdhxwhlldv .youtube-comments-thumbs\").show();\n                    jQuery( \"#fts-yt-cdhxwhlldv.fts-youtube-scrollable\" ).addClass( \"fts-scrollable-function\" );\n                    jQuery(\"#fts-yt-cdhxwhlldv .fts-youtube-scrollable, #fts-yt-cdhxwhlldv .fts-fb-autoscroll-loader\").hide();\n                    var this_frame = jQuery(this).find(\"a.fts-youtube-iframe-click\").attr(\"rel\");\n                    jQuery(\"#fts-yt-cdhxwhlldv .fts-fluid-videoWrapper iframe\").attr(\"src\", this_frame);\n                    var findText = jQuery(this).find(\".entriestitle\").clone(true, true);\n                    findText.appendTo(\"#fts-yt-cdhxwhlldv .youtube-comments-thumbs\");\n                    jQuery.fn.ftsShare();\n                    \n                    });\n                    jQuery(\"#fts-yt-cdhxwhlldv\").on(\"click\", \".fts-yt-close-cdhxwhlldv\", function(event) {\n                        event.stopPropagation();\n                        jQuery( \"#fts-yt-cdhxwhlldv .fts-youtube-scrollable\" ).removeClass( \"fts-scrollable-function\" );\n                        jQuery(\"#fts-yt-cdhxwhlldv .youtube-comments-thumbs\").hide();\n                        jQuery(\"#fts-yt-cdhxwhlldv .fts-youtube-scrollable, .fts-fb-autoscroll-loader\").show();\n                        jQuery(\"#fts-yt-cdhxwhlldv .youtube-comments-thumbs\").html(\"\");\n                         slickremixImageResizingYouTube();\n                    });<\/script><div id=\"output_cdhxwhlldv\" class=\"fts-fb-load-more-output\"><\/div><\/div><!--END main wrap for thumbnails--><\/div><\/div><\/div><div class=\"fts-clear\"><\/div>\n\n\n\n<div style=\"height:53px\" aria-hidden=\"true\" class=\"wp-block-spacer\"><\/div>\n\n\n\n<div style=\"height:100px\" aria-hidden=\"true\" class=\"wp-block-spacer\"><\/div>\n\n\n\n<p><\/p>\n","protected":false},"excerpt":{"rendered":"","protected":false},"author":1,"featured_media":0,"parent":0,"menu_order":0,"comment_status":"closed","ping_status":"closed","template":"elementor_theme","meta":{"_ti_tpc_template_sync":false,"_ti_tpc_template_id":"","spay_email":""},"_links":{"self":[{"href":"http:\/\/uno61arte.com.mx\/index.php\/wp-json\/wp\/v2\/pages\/101"}],"collection":[{"href":"http:\/\/uno61arte.com.mx\/index.php\/wp-json\/wp\/v2\/pages"}],"about":[{"href":"http:\/\/uno61arte.com.mx\/index.php\/wp-json\/wp\/v2\/types\/page"}],"author":[{"embeddable":true,"href":"http:\/\/uno61arte.com.mx\/index.php\/wp-json\/wp\/v2\/users\/1"}],"replies":[{"embeddable":true,"href":"http:\/\/uno61arte.com.mx\/index.php\/wp-json\/wp\/v2\/comments?post=101"}],"version-history":[{"count":110,"href":"http:\/\/uno61arte.com.mx\/index.php\/wp-json\/wp\/v2\/pages\/101\/revisions"}],"predecessor-version":[{"id":930,"href":"http:\/\/uno61arte.com.mx\/index.php\/wp-json\/wp\/v2\/pages\/101\/revisions\/930"}],"wp:attachment":[{"href":"http:\/\/uno61arte.com.mx\/index.php\/wp-json\/wp\/v2\/media?parent=101"}],"curies":[{"name":"wp","href":"https:\/\/api.w.org\/{rel}","templated":true}]}}