{"id":257,"date":"2021-01-18T22:16:34","date_gmt":"2021-01-18T22:16:34","guid":{"rendered":"http:\/\/uno61arte.com.mx\/?page_id=257"},"modified":"2021-09-22T21:10:42","modified_gmt":"2021-09-22T21:10:42","slug":"media","status":"publish","type":"page","link":"http:\/\/uno61arte.com.mx\/index.php\/media\/","title":{"rendered":"Servicios"},"content":{"rendered":"\t\t<div data-elementor-type=\"wp-page\" data-elementor-id=\"257\" class=\"elementor elementor-257\" data-elementor-settings=\"[]\">\n\t\t\t\t\t\t<div class=\"elementor-inner\">\n\t\t\t\t\t\t\t<div class=\"elementor-section-wrap\">\n\t\t\t\t\t\t\t<section class=\"elementor-section elementor-top-section elementor-element elementor-element-85ae08b elementor-section-boxed elementor-section-height-default elementor-section-height-default\" data-id=\"85ae08b\" data-element_type=\"section\">\n\t\t\t\t\t\t<div class=\"elementor-container elementor-column-gap-default\">\n\t\t\t\t\t\t\t<div class=\"elementor-row\">\n\t\t\t\t\t<div class=\"elementor-column elementor-col-100 elementor-top-column elementor-element elementor-element-fd35537\" data-id=\"fd35537\" data-element_type=\"column\">\n\t\t\t<div class=\"elementor-column-wrap elementor-element-populated\">\n\t\t\t\t\t\t\t<div class=\"elementor-widget-wrap\">\n\t\t\t\t\t\t<div class=\"elementor-element elementor-element-4459387 elementor-widget elementor-widget-htmega-imagegrid-addons\" data-id=\"4459387\" data-element_type=\"widget\" data-widget_type=\"htmega-imagegrid-addons.default\">\n\t\t\t\t<div class=\"elementor-widget-container\">\n\t\t\t            <div class=\"htmega-gridimage-area htmega-image-gridstyle-1\" >\n                <div class=\"htb-row\">\n                                                <div class=\"htb-col-md-4 htb-col-sm-6 htb-col-12\">\n                                <div class=\"htmega-singleimage-grid htmega-singleimage-gridstyle-1\" >\n                                    <div class=\"thumb\">\n                                        <a href=\"http:\/\/uno61arte.com.mx\/index.php\/compra-y-venta-de-arte\/\"><img width=\"980\" height=\"1008\" src=\"http:\/\/uno61arte.com.mx\/wp-content\/uploads\/2021\/09\/IMG_7827-996x1024.png\" class=\"attachment-large size-large\" alt=\"\" loading=\"lazy\" srcset=\"http:\/\/uno61arte.com.mx\/wp-content\/uploads\/2021\/09\/IMG_7827-996x1024.png 996w, http:\/\/uno61arte.com.mx\/wp-content\/uploads\/2021\/09\/IMG_7827-324x333.png 324w, http:\/\/uno61arte.com.mx\/wp-content\/uploads\/2021\/09\/IMG_7827-416x428.png 416w, http:\/\/uno61arte.com.mx\/wp-content\/uploads\/2021\/09\/IMG_7827-292x300.png 292w, http:\/\/uno61arte.com.mx\/wp-content\/uploads\/2021\/09\/IMG_7827-768x790.png 768w, http:\/\/uno61arte.com.mx\/wp-content\/uploads\/2021\/09\/IMG_7827-1494x1536.png 1494w, http:\/\/uno61arte.com.mx\/wp-content\/uploads\/2021\/09\/IMG_7827-1992x2048.png 1992w\" sizes=\"(max-width: 980px) 100vw, 980px\" \/><\/a>                                    <\/div>\n                                                                            <div class=\"image-grid-content\">\n                                            <div class=\"hover-action\">\n                                                <h2>Compra y Venta de arte<\/h2><p>Compra y Venta de arte<\/p><a class=\"read-btn\" href=\"http:\/\/uno61arte.com.mx\/index.php\/compra-y-venta-de-arte\/\">Ver m\u00e1s<\/a>                                            <\/div>\n                                        <\/div>\n                                                                    <\/div>\n                            <\/div>\n\n                                                    <div class=\"htb-col-md-4 htb-col-sm-6 htb-col-12\">\n                                <div class=\"htmega-singleimage-grid htmega-singleimage-gridstyle-1\" >\n                                    <div class=\"thumb\">\n                                        <a href=\"http:\/\/uno61arte.com.mx\/index.php\/valuacion-de-arte\/\"><img width=\"1532\" height=\"1536\" src=\"http:\/\/uno61arte.com.mx\/wp-content\/uploads\/2021\/01\/IMG_20210105_161616-scaled-e1632344810260.jpg\" class=\"attachment-1536x1536 size-1536x1536\" alt=\"\" loading=\"lazy\" \/><\/a>                                    <\/div>\n                                                                            <div class=\"image-grid-content\">\n                                            <div class=\"hover-action\">\n                                                <h2>Valuaci\u00f3n de arte<\/h2><p>Valuaci\u00f3n de arte<\/p><a class=\"read-btn\" href=\"http:\/\/uno61arte.com.mx\/index.php\/valuacion-de-arte\/\">Ver m\u00e1s<\/a>                                            <\/div>\n                                        <\/div>\n                                                                    <\/div>\n                            <\/div>\n\n                                                    <div class=\"htb-col-md-4 htb-col-sm-6 htb-col-12\">\n                                <div class=\"htmega-singleimage-grid htmega-singleimage-gridstyle-1\" >\n                                    <div class=\"thumb\">\n                                        <a href=\"http:\/\/uno61arte.com.mx\/index.php\/logistica-y-almacenaje\/\"><img width=\"410\" height=\"391\" src=\"http:\/\/uno61arte.com.mx\/wp-content\/uploads\/2020\/08\/cropped-cuadro-e1632344708849.png\" class=\"attachment-2048x2048 size-2048x2048\" alt=\"\" loading=\"lazy\" srcset=\"http:\/\/uno61arte.com.mx\/wp-content\/uploads\/2020\/08\/cropped-cuadro-e1632344708849.png 410w, http:\/\/uno61arte.com.mx\/wp-content\/uploads\/2020\/08\/cropped-cuadro-e1632344708849-324x309.png 324w, http:\/\/uno61arte.com.mx\/wp-content\/uploads\/2020\/08\/cropped-cuadro-e1632344708849-300x286.png 300w\" sizes=\"(max-width: 410px) 100vw, 410px\" \/><\/a>                                    <\/div>\n                                                                            <div class=\"image-grid-content\">\n                                            <div class=\"hover-action\">\n                                                <h2>Log\u00edstica y almacenaje<\/h2><p>Log\u00edstica y almacenaje<\/p><a class=\"read-btn\" href=\"http:\/\/uno61arte.com.mx\/index.php\/logistica-y-almacenaje\/\">Ver m\u00e1s<\/a>                                            <\/div>\n                                        <\/div>\n                                                                    <\/div>\n                            <\/div>\n\n                                        <\/div>\n            <\/div>\n\n        \t\t<\/div>\n\t\t\t\t<\/div>\n\t\t\t\t\t\t<\/div>\n\t\t\t\t\t<\/div>\n\t\t<\/div>\n\t\t\t\t\t\t\t\t<\/div>\n\t\t\t\t\t<\/div>\n\t\t<\/section>\n\t\t\t\t\t\t<\/div>\n\t\t\t\t\t\t<\/div>\n\t\t\t\t\t<\/div>\n\t\t","protected":false},"excerpt":{"rendered":"<p>Compra y Venta de arte Compra y Venta de arte Ver m\u00e1s Valuaci\u00f3n de arte Valuaci\u00f3n de arte Ver m\u00e1s Log\u00edstica y almacenaje Log\u00edstica y almacenaje Ver m\u00e1s<\/p>\n","protected":false},"author":1,"featured_media":0,"parent":0,"menu_order":0,"comment_status":"closed","ping_status":"closed","template":"","meta":{"_ti_tpc_template_sync":false,"_ti_tpc_template_id":"","spay_email":""},"_links":{"self":[{"href":"http:\/\/uno61arte.com.mx\/index.php\/wp-json\/wp\/v2\/pages\/257"}],"collection":[{"href":"http:\/\/uno61arte.com.mx\/index.php\/wp-json\/wp\/v2\/pages"}],"about":[{"href":"http:\/\/uno61arte.com.mx\/index.php\/wp-json\/wp\/v2\/types\/page"}],"author":[{"embeddable":true,"href":"http:\/\/uno61arte.com.mx\/index.php\/wp-json\/wp\/v2\/users\/1"}],"replies":[{"embeddable":true,"href":"http:\/\/uno61arte.com.mx\/index.php\/wp-json\/wp\/v2\/comments?post=257"}],"version-history":[{"count":11,"href":"http:\/\/uno61arte.com.mx\/index.php\/wp-json\/wp\/v2\/pages\/257\/revisions"}],"predecessor-version":[{"id":630,"href":"http:\/\/uno61arte.com.mx\/index.php\/wp-json\/wp\/v2\/pages\/257\/revisions\/630"}],"wp:attachment":[{"href":"http:\/\/uno61arte.com.mx\/index.php\/wp-json\/wp\/v2\/media?parent=257"}],"curies":[{"name":"wp","href":"https:\/\/api.w.org\/{rel}","templated":true}]}}