{"id":528,"date":"2021-09-21T21:20:21","date_gmt":"2021-09-21T21:20:21","guid":{"rendered":"http:\/\/uno61arte.com.mx\/?page_id=528"},"modified":"2021-10-06T20:03:50","modified_gmt":"2021-10-06T20:03:50","slug":"compra-y-venta-de-arte","status":"publish","type":"page","link":"http:\/\/uno61arte.com.mx\/index.php\/compra-y-venta-de-arte\/","title":{"rendered":"Compra y venta de arte"},"content":{"rendered":"\n<h2 class=\"has-text-align-center\">Informaci\u00f3n para artistas y proveedores<\/h2>\n\n\n\n<div style=\"height:30px\" aria-hidden=\"true\" class=\"wp-block-spacer\"><\/div>\n\n\n\n<div class=\"wp-block-cover has-background-dim\" style=\"min-height:456px\"><img loading=\"lazy\" width=\"2560\" height=\"1920\" class=\"wp-block-cover__image-background wp-image-705\" alt=\"\" src=\"http:\/\/uno61arte.com.mx\/wp-content\/uploads\/2021\/09\/IMG_1048-scaled.jpg\" data-object-fit=\"cover\" srcset=\"http:\/\/uno61arte.com.mx\/wp-content\/uploads\/2021\/09\/IMG_1048-scaled.jpg 2560w, http:\/\/uno61arte.com.mx\/wp-content\/uploads\/2021\/09\/IMG_1048-300x225.jpg 300w, http:\/\/uno61arte.com.mx\/wp-content\/uploads\/2021\/09\/IMG_1048-1024x768.jpg 1024w, http:\/\/uno61arte.com.mx\/wp-content\/uploads\/2021\/09\/IMG_1048-768x576.jpg 768w, http:\/\/uno61arte.com.mx\/wp-content\/uploads\/2021\/09\/IMG_1048-1536x1152.jpg 1536w, http:\/\/uno61arte.com.mx\/wp-content\/uploads\/2021\/09\/IMG_1048-2048x1536.jpg 2048w, http:\/\/uno61arte.com.mx\/wp-content\/uploads\/2021\/09\/IMG_1048-324x243.jpg 324w, http:\/\/uno61arte.com.mx\/wp-content\/uploads\/2021\/09\/IMG_1048-416x312.jpg 416w\" sizes=\"(max-width: 2560px) 100vw, 2560px\" \/><div class=\"wp-block-cover__inner-container\">\n<p class=\"has-text-align-center has-large-font-size\">\u00bfTienes algo que vender?<\/p>\n<\/div><\/div>\n\n\n\n<div style=\"height:67px\" aria-hidden=\"true\" class=\"wp-block-spacer\"><\/div>\n\n\n\n<div class=\"wp-block-group\"><div class=\"wp-block-group__inner-container\">\n<div class=\"wp-block-columns\">\n<div class=\"wp-block-column\">\n<p>Si eres artista y est\u00e1s interesado en ser parte de nuestro cat\u00e1logo, es indispensable cubrir los siguientes requisitos:<br>Llevar a cabo una producci\u00f3n constante anual.<br>Tener por lo menos una experiencia previa de comercio con otra galer\u00eda.<br>Manejo de precios unificados entre galer\u00edas nacionales.<br>Capacidad de expedici\u00f3n de recibo de honorarios o factura por la venta de obra.<\/p>\n\n\n\n<p><br>Pasos a seguir:<br>I. Llenado y env\u00edo de los siguientes datos al correo: uno61casadearte@gmail.com\u00a0<br>Datos del artista:<br>Nombre del artista<br>Curr\u00edculum Vitae<br>Declaraci\u00f3n del artista (H\u00e1blanos sobre tu trabajo: qu\u00e9 haces, c\u00f3mo y por qu\u00e9)<br>Fotograf\u00eda del artista en alta resoluci\u00f3n.<br>Raz\u00f3n social<br>RFC<br>Domicilio, colonia, CP.<br>Estado, Cuidad<br>Celular<br>Correo electr\u00f3nico<br>INE (indispensable)<br>Cuenta bancaria para dep\u00f3sito de pagos<br>Nombre, tel\u00e9fono y correo de un beneficiario.<\/p>\n<\/div>\n\n\n\n<div class=\"wp-block-column\">\n<p>Cat\u00e1logo de obra en PDF:<br>Favor de enviar una foto de cada obra y su ficha t\u00e9cnica por p\u00e1gina.<br>Favor de incluir AUTOR, T\u00cdTULO, A\u00d1O DE PRODUCCI\u00d3N, T\u00c9CNICA, MEDIDAS, PRECIO P\u00daBLICO.<br>Es indispensable que los precios est\u00e9n unificados en una lista \u00fanica entre las galer\u00edas con quienes se trabaja. Los precios deben incluir IVA.<\/p>\n\n\n\n<p><br>II. Recibir\u00e1s una notificaci\u00f3n de aceptaci\u00f3n junto con nuestro convenio de trabajo. Una vez firmado, daremos de alta tu perfil y obra en cat\u00e1logo web. En caso de que tu obra no cumpla con los requisitos de calidad, se har\u00e1 la devoluci\u00f3n de tu obra con cargo al destinatario.<\/p>\n\n\n\n<p><\/p>\n<\/div>\n<\/div>\n<\/div><\/div>\n\n\n","protected":false},"excerpt":{"rendered":"<p>Informaci\u00f3n para artistas y proveedores Si eres artista y est\u00e1s interesado en ser parte de nuestro cat\u00e1logo, es indispensable cubrir los siguientes requisitos:Llevar a cabo una producci\u00f3n constante anual.Tener por lo menos una experiencia previa de comercio con otra galer\u00eda.Manejo de precios unificados entre galer\u00edas nacionales.Capacidad de expedici\u00f3n de recibo de honorarios o factura por [&hellip;]<\/p>\n","protected":false},"author":1,"featured_media":0,"parent":0,"menu_order":0,"comment_status":"closed","ping_status":"closed","template":"","meta":{"_ti_tpc_template_sync":false,"_ti_tpc_template_id":"","spay_email":""},"_links":{"self":[{"href":"http:\/\/uno61arte.com.mx\/index.php\/wp-json\/wp\/v2\/pages\/528"}],"collection":[{"href":"http:\/\/uno61arte.com.mx\/index.php\/wp-json\/wp\/v2\/pages"}],"about":[{"href":"http:\/\/uno61arte.com.mx\/index.php\/wp-json\/wp\/v2\/types\/page"}],"author":[{"embeddable":true,"href":"http:\/\/uno61arte.com.mx\/index.php\/wp-json\/wp\/v2\/users\/1"}],"replies":[{"embeddable":true,"href":"http:\/\/uno61arte.com.mx\/index.php\/wp-json\/wp\/v2\/comments?post=528"}],"version-history":[{"count":13,"href":"http:\/\/uno61arte.com.mx\/index.php\/wp-json\/wp\/v2\/pages\/528\/revisions"}],"predecessor-version":[{"id":891,"href":"http:\/\/uno61arte.com.mx\/index.php\/wp-json\/wp\/v2\/pages\/528\/revisions\/891"}],"wp:attachment":[{"href":"http:\/\/uno61arte.com.mx\/index.php\/wp-json\/wp\/v2\/media?parent=528"}],"curies":[{"name":"wp","href":"https:\/\/api.w.org\/{rel}","templated":true}]}}