{"id":783,"date":"2021-10-05T14:44:10","date_gmt":"2021-10-05T14:44:10","guid":{"rendered":"http:\/\/uno61arte.com.mx\/?page_id=783"},"modified":"2021-10-05T20:58:36","modified_gmt":"2021-10-05T20:58:36","slug":"escobarave","status":"publish","type":"page","link":"http:\/\/uno61arte.com.mx\/index.php\/artistas\/escobarave\/","title":{"rendered":"Escobarave"},"content":{"rendered":"\n<div class=\"wp-block-themeisle-blocks-advanced-columns alignfull has-2-columns has-desktop-equal-layout has-tablet-collapsedRows-layout has-mobile-collapsedRows-layout has-default-gap has-vertical-center\" id=\"wp-block-themeisle-blocks-advanced-columns-cc414008\"><div class=\"wp-block-themeisle-blocks-advanced-columns-overlay\"><\/div><div class=\"innerblocks-wrap\">\n<div class=\"wp-block-themeisle-blocks-advanced-column ticss-48ef8f35\" id=\"wp-block-themeisle-blocks-advanced-column-b5f2800c\">\n<p id=\"wp-block-themeisle-blocks-advanced-heading-be74e7f6\" class=\"wp-block-themeisle-blocks-advanced-heading wp-block-themeisle-blocks-advanced-heading-be74e7f6\"><strong> ESCOBARAVE <\/strong><\/p>\n\n\n\n<h2 id=\"wp-block-themeisle-blocks-advanced-heading-0ae76930\" class=\"wp-block-themeisle-blocks-advanced-heading wp-block-themeisle-blocks-advanced-heading-0ae76930\">Alejandro EscobarAVE<\/h2>\n\n\n\n<p class=\"has-text-color\" style=\"color:#ffffff\"><\/p>\n\n\n\n<p><span class=\"has-inline-color has-white-color\">Alejandro EscobarAve (1998), joven talento, asombra a quienes lo hemos conocido por la fuerza, frescura, movimiento e impulso que tienen sus obras, y con lo cual se ha ganado en muy breve tiempo, un espacio en el<br>dif\u00edcil mercado del arte.<\/span><\/p>\n\n\n\n<p class=\"has-text-color\" style=\"color:#ffffff\">Irrumpi\u00f3 con tal fuerza en la escena del arte oaxaque\u00f1o, que en 2015, con tan solo 17 a\u00f1os, present\u00f3 su primer cat\u00e1logo en el mismo Instituto de Artes Gr\u00e1ficas de Oaxaca, un referente en el arte de M\u00e9xico, sucedi\u00e9ndose despu\u00e9s una serie de exposiciones individuales tan relevantes como la realizada en museo de Santo Domingo Yanhuitlan,\u00a0 y colectivas en espacios ic\u00f3nicos de la ciudad de Oaxaca, como lo es el Museo de Los Pintores Oaxaque\u00f1os\u00a0(MUPO).<\/p>\n<\/div>\n\n\n\n<div class=\"wp-block-themeisle-blocks-advanced-column ticss-5418d6a3\" id=\"wp-block-themeisle-blocks-advanced-column-be2bde1e\">\n<div class=\"wp-block-image\"><figure class=\"aligncenter size-large\"><img loading=\"lazy\" width=\"1008\" height=\"1024\" src=\"http:\/\/uno61arte.com.mx\/wp-content\/uploads\/2021\/09\/IMG_3780cuadrado-1008x1024.jpg\" alt=\"\" class=\"wp-image-407\" srcset=\"http:\/\/uno61arte.com.mx\/wp-content\/uploads\/2021\/09\/IMG_3780cuadrado-1008x1024.jpg 1008w, http:\/\/uno61arte.com.mx\/wp-content\/uploads\/2021\/09\/IMG_3780cuadrado-324x329.jpg 324w, http:\/\/uno61arte.com.mx\/wp-content\/uploads\/2021\/09\/IMG_3780cuadrado-416x423.jpg 416w, http:\/\/uno61arte.com.mx\/wp-content\/uploads\/2021\/09\/IMG_3780cuadrado-295x300.jpg 295w, http:\/\/uno61arte.com.mx\/wp-content\/uploads\/2021\/09\/IMG_3780cuadrado-768x780.jpg 768w, http:\/\/uno61arte.com.mx\/wp-content\/uploads\/2021\/09\/IMG_3780cuadrado.jpg 1484w\" sizes=\"(max-width: 1008px) 100vw, 1008px\" \/><\/figure><\/div>\n<\/div>\n<\/div><\/div>\n\n\n\n<div style=\"height:100px\" aria-hidden=\"true\" class=\"wp-block-spacer\"><\/div>\n\n\n\n<div class=\"wp-block-columns\"><\/div>\n\n\n\n<div class=\"wp-block-jetpack-slideshow aligncenter\" data-effect=\"slide\"><div class=\"wp-block-jetpack-slideshow_container swiper-container\"><ul class=\"wp-block-jetpack-slideshow_swiper-wrapper swiper-wrapper\"><li class=\"wp-block-jetpack-slideshow_slide swiper-slide\"><figure><img loading=\"lazy\" width=\"828\" height=\"666\" alt=\"\" class=\"wp-block-jetpack-slideshow_image wp-image-796\" data-id=\"796\" src=\"http:\/\/uno61arte.com.mx\/wp-content\/uploads\/2021\/10\/Image6.jpeg\" srcset=\"http:\/\/uno61arte.com.mx\/wp-content\/uploads\/2021\/10\/Image6.jpeg 828w, http:\/\/uno61arte.com.mx\/wp-content\/uploads\/2021\/10\/Image6-300x241.jpeg 300w, http:\/\/uno61arte.com.mx\/wp-content\/uploads\/2021\/10\/Image6-768x618.jpeg 768w, http:\/\/uno61arte.com.mx\/wp-content\/uploads\/2021\/10\/Image6-324x261.jpeg 324w, http:\/\/uno61arte.com.mx\/wp-content\/uploads\/2021\/10\/Image6-416x335.jpeg 416w\" sizes=\"(max-width: 828px) 100vw, 828px\" \/><\/figure><\/li><li class=\"wp-block-jetpack-slideshow_slide swiper-slide\"><figure><img loading=\"lazy\" width=\"733\" height=\"911\" alt=\"\" class=\"wp-block-jetpack-slideshow_image wp-image-797\" data-id=\"797\" src=\"http:\/\/uno61arte.com.mx\/wp-content\/uploads\/2021\/10\/Imagen3.jpg\" srcset=\"http:\/\/uno61arte.com.mx\/wp-content\/uploads\/2021\/10\/Imagen3.jpg 733w, http:\/\/uno61arte.com.mx\/wp-content\/uploads\/2021\/10\/Imagen3-241x300.jpg 241w, http:\/\/uno61arte.com.mx\/wp-content\/uploads\/2021\/10\/Imagen3-324x403.jpg 324w, http:\/\/uno61arte.com.mx\/wp-content\/uploads\/2021\/10\/Imagen3-416x517.jpg 416w\" sizes=\"(max-width: 733px) 100vw, 733px\" \/><\/figure><\/li><li class=\"wp-block-jetpack-slideshow_slide swiper-slide\"><figure><img loading=\"lazy\" width=\"817\" height=\"1223\" alt=\"\" class=\"wp-block-jetpack-slideshow_image wp-image-798\" data-id=\"798\" src=\"http:\/\/uno61arte.com.mx\/wp-content\/uploads\/2021\/10\/Imagen5.jpg\" srcset=\"http:\/\/uno61arte.com.mx\/wp-content\/uploads\/2021\/10\/Imagen5.jpg 817w, http:\/\/uno61arte.com.mx\/wp-content\/uploads\/2021\/10\/Imagen5-200x300.jpg 200w, http:\/\/uno61arte.com.mx\/wp-content\/uploads\/2021\/10\/Imagen5-684x1024.jpg 684w, http:\/\/uno61arte.com.mx\/wp-content\/uploads\/2021\/10\/Imagen5-768x1150.jpg 768w, http:\/\/uno61arte.com.mx\/wp-content\/uploads\/2021\/10\/Imagen5-324x485.jpg 324w, http:\/\/uno61arte.com.mx\/wp-content\/uploads\/2021\/10\/Imagen5-416x623.jpg 416w\" sizes=\"(max-width: 817px) 100vw, 817px\" \/><\/figure><\/li><\/ul><a class=\"wp-block-jetpack-slideshow_button-prev swiper-button-prev swiper-button-white\" role=\"button\"><\/a><a class=\"wp-block-jetpack-slideshow_button-next swiper-button-next swiper-button-white\" role=\"button\"><\/a><a aria-label=\"Pause Slideshow\" class=\"wp-block-jetpack-slideshow_button-pause\" role=\"button\"><\/a><div class=\"wp-block-jetpack-slideshow_pagination swiper-pagination swiper-pagination-white\"><\/div><\/div><\/div>\n\n\n\n<p><\/p>\n","protected":false},"excerpt":{"rendered":"","protected":false},"author":1,"featured_media":0,"parent":542,"menu_order":0,"comment_status":"closed","ping_status":"closed","template":"","meta":{"_ti_tpc_template_sync":false,"_ti_tpc_template_id":"","spay_email":""},"_links":{"self":[{"href":"http:\/\/uno61arte.com.mx\/index.php\/wp-json\/wp\/v2\/pages\/783"}],"collection":[{"href":"http:\/\/uno61arte.com.mx\/index.php\/wp-json\/wp\/v2\/pages"}],"about":[{"href":"http:\/\/uno61arte.com.mx\/index.php\/wp-json\/wp\/v2\/types\/page"}],"author":[{"embeddable":true,"href":"http:\/\/uno61arte.com.mx\/index.php\/wp-json\/wp\/v2\/users\/1"}],"replies":[{"embeddable":true,"href":"http:\/\/uno61arte.com.mx\/index.php\/wp-json\/wp\/v2\/comments?post=783"}],"version-history":[{"count":7,"href":"http:\/\/uno61arte.com.mx\/index.php\/wp-json\/wp\/v2\/pages\/783\/revisions"}],"predecessor-version":[{"id":856,"href":"http:\/\/uno61arte.com.mx\/index.php\/wp-json\/wp\/v2\/pages\/783\/revisions\/856"}],"up":[{"embeddable":true,"href":"http:\/\/uno61arte.com.mx\/index.php\/wp-json\/wp\/v2\/pages\/542"}],"wp:attachment":[{"href":"http:\/\/uno61arte.com.mx\/index.php\/wp-json\/wp\/v2\/media?parent=783"}],"curies":[{"name":"wp","href":"https:\/\/api.w.org\/{rel}","templated":true}]}}