{"id":352,"date":"2021-09-03T20:33:06","date_gmt":"2021-09-03T20:33:06","guid":{"rendered":"http:\/\/uno61arte.com.mx\/?post_type=product&#038;p=352"},"modified":"2021-10-06T20:55:51","modified_gmt":"2021-10-06T20:55:51","slug":"50-artistas-contemporaneos-en-oaxaca","status":"publish","type":"product","link":"http:\/\/uno61arte.com.mx\/index.php\/producto\/50-artistas-contemporaneos-en-oaxaca\/","title":{"rendered":"+50 artistas contempor\u00e1neos en Oaxaca, Tomo II"},"content":{"rendered":"<p>La Colecci\u00f3n bibliogr\u00e1fica +50 Artistas Contempor\u00e1neos en Oaxaca es un libro en dos tomos de m\u00e1s de 630 p\u00e1ginas. Re\u00fane entrevistas a 57 artistas oaxaque\u00f1os o radicados en Oaxaca, realizadas por m\u00e1s de 25 escritores. Un panorama del arte hecho actualmente en Oaxaca en una edici\u00f3n de 24 x 30 cm e impreso en papel couch\u00e9 con forros de pasta dura con hot stamping y barniz a registro.<\/p>\n","protected":false},"excerpt":{"rendered":"<div class=\"elementor-element elementor-element-78c8daa3 elementor-widget elementor-widget-heading\" data-id=\"78c8daa3\" data-element_type=\"widget\" data-widget_type=\"heading.default\">\n<div class=\"elementor-widget-container\">\n<h3 class=\"elementor-heading-title elementor-size-small\">Dise\u00f1o Editorial<\/h3>\n<\/div>\n<\/div>\n<div class=\"elementor-element elementor-element-158a31ca elementor-widget elementor-widget-text-editor\" data-id=\"158a31ca\" data-element_type=\"widget\" data-widget_type=\"text-editor.default\">\n<div class=\"elementor-widget-container\">\n<div class=\"elementor-text-editor elementor-clearfix\">\n<h3>2019<\/h3>\n<h3>Oaxaca, Oax.<\/h3>\n<p>&nbsp;<\/p>\n<\/div>\n<\/div>\n<\/div>\n","protected":false},"featured_media":914,"comment_status":"open","ping_status":"closed","template":"","meta":{"_ti_tpc_template_sync":false,"_ti_tpc_template_id":"","spay_email":""},"product_cat":[21],"product_tag":[],"_links":{"self":[{"href":"http:\/\/uno61arte.com.mx\/index.php\/wp-json\/wp\/v2\/product\/352"}],"collection":[{"href":"http:\/\/uno61arte.com.mx\/index.php\/wp-json\/wp\/v2\/product"}],"about":[{"href":"http:\/\/uno61arte.com.mx\/index.php\/wp-json\/wp\/v2\/types\/product"}],"replies":[{"embeddable":true,"href":"http:\/\/uno61arte.com.mx\/index.php\/wp-json\/wp\/v2\/comments?post=352"}],"wp:featuredmedia":[{"embeddable":true,"href":"http:\/\/uno61arte.com.mx\/index.php\/wp-json\/wp\/v2\/media\/914"}],"wp:attachment":[{"href":"http:\/\/uno61arte.com.mx\/index.php\/wp-json\/wp\/v2\/media?parent=352"}],"wp:term":[{"taxonomy":"product_cat","embeddable":true,"href":"http:\/\/uno61arte.com.mx\/index.php\/wp-json\/wp\/v2\/product_cat?post=352"},{"taxonomy":"product_tag","embeddable":true,"href":"http:\/\/uno61arte.com.mx\/index.php\/wp-json\/wp\/v2\/product_tag?post=352"}],"curies":[{"name":"wp","href":"https:\/\/api.w.org\/{rel}","templated":true}]}}